{"id":578,"date":"2025-08-27T14:46:18","date_gmt":"2025-08-27T12:46:18","guid":{"rendered":"https:\/\/camillegenis.com\/?page_id=578"},"modified":"2025-08-29T15:15:16","modified_gmt":"2025-08-29T13:15:16","slug":"communication","status":"publish","type":"page","link":"https:\/\/camillegenis.com\/?page_id=578","title":{"rendered":"Communication"},"content":{"rendered":"\n<p class=\"wp-block-paragraph\"><\/p>\n\n\n\n<p class=\"has-text-align-justify wp-block-paragraph\">Je conseille les marques pour assurer leur visibilit\u00e9 et l\u2019atteinte de leurs objectifs \u00e0 travers une communication adapt\u00e9e.<\/p>\n\n\n\n<p class=\"has-text-align-justify wp-block-paragraph\">Online ou offline, pour un \u00e9venement ponctuel ou une p\u00e9riode de lancement, je peux vous accompagner pour faire savoir votre savoir-faire.<\/p>\n\n\n\n<p class=\"wp-block-paragraph\">Un exemple?<\/p>\n\n\n\n<div class=\"wp-block-columns is-layout-flex wp-container-core-columns-is-layout-3a88641f wp-block-columns-is-layout-flex\">\n<div class=\"wp-block-column is-layout-flow wp-block-column-is-layout-flow\">\n<figure class=\"wp-block-image size-large is-resized\"><img data-recalc-dims=\"1\" loading=\"lazy\" decoding=\"async\" width=\"683\" height=\"1024\" data-attachment-id=\"129\" data-permalink=\"https:\/\/camillegenis.com\/?attachment_id=129\" data-orig-file=\"https:\/\/i0.wp.com\/camillegenis.com\/wp-content\/uploads\/2024\/09\/mpc-38-2-2.webp?fit=683%2C1024&amp;ssl=1\" data-orig-size=\"683,1024\" data-comments-opened=\"1\" data-image-meta=\"{&quot;aperture&quot;:&quot;0&quot;,&quot;credit&quot;:&quot;&quot;,&quot;camera&quot;:&quot;&quot;,&quot;caption&quot;:&quot;&quot;,&quot;created_timestamp&quot;:&quot;0&quot;,&quot;copyright&quot;:&quot;&quot;,&quot;focal_length&quot;:&quot;0&quot;,&quot;iso&quot;:&quot;0&quot;,&quot;shutter_speed&quot;:&quot;0&quot;,&quot;title&quot;:&quot;&quot;,&quot;orientation&quot;:&quot;0&quot;}\" data-image-title=\"mpc-38 (2)\" data-image-description=\"\" data-image-caption=\"\" data-large-file=\"https:\/\/i0.wp.com\/camillegenis.com\/wp-content\/uploads\/2024\/09\/mpc-38-2-2.webp?fit=683%2C1024&amp;ssl=1\" src=\"https:\/\/i0.wp.com\/camillegenis.com\/wp-content\/uploads\/2024\/09\/mpc-38-2-2.webp?resize=683%2C1024&#038;ssl=1\" alt=\"\" class=\"wp-image-129\" style=\"width:387px;height:auto\"\/><\/figure>\n<\/div>\n\n\n\n<div class=\"wp-block-column is-layout-flow wp-block-column-is-layout-flow\">\n<h2 class=\"wp-block-heading\">Flore Vaillant<\/h2>\n\n\n\n<p class=\"has-text-color has-link-color wp-elements-29c46848f66bb0eae6f8905b2d51160d wp-block-paragraph\" style=\"color:#cf703ffa\">Atelier de v\u00eatement sur-mesure \u00e0 Marseille<\/p>\n\n\n\n<ul class=\"wp-block-list\">\n<li>\u00c9tude de march\u00e9<\/li>\n\n\n\n<li>Cr\u00e9ation d&rsquo;une plateforme de marque<\/li>\n\n\n\n<li>Cr\u00e9ation de contenu pour le site internet de la marque <\/li>\n\n\n\n<li>Cr\u00e9ation de guidelines pour la communication sur les r\u00e9seaux sociaux<\/li>\n\n\n\n<li>Cr\u00e9ation d&rsquo;un communiqu\u00e9 de presse<\/li>\n\n\n\n<li>Recommandations merchandising<\/li>\n\n\n\n<li>Animation des r\u00e9seaux sociaux<\/li>\n\n\n\n<li>Organisation d&rsquo;un \u00e9v\u00e8nement de lancement<\/li>\n<\/ul>\n<\/div>\n<\/div>\n\n\n\n<div class=\"wp-block-columns is-layout-flex wp-container-core-columns-is-layout-3a88641f wp-block-columns-is-layout-flex\">\n<div class=\"wp-block-column is-layout-flow wp-block-column-is-layout-flow\">\n<figure class=\"wp-block-image size-large\"><img data-recalc-dims=\"1\" loading=\"lazy\" decoding=\"async\" width=\"674\" height=\"1024\" data-attachment-id=\"130\" data-permalink=\"https:\/\/camillegenis.com\/?attachment_id=130\" data-orig-file=\"https:\/\/i0.wp.com\/camillegenis.com\/wp-content\/uploads\/2024\/09\/02_filles-ultra-echelle-2.jpg?fit=674%2C1024&amp;ssl=1\" data-orig-size=\"674,1024\" data-comments-opened=\"1\" data-image-meta=\"{&quot;aperture&quot;:&quot;0&quot;,&quot;credit&quot;:&quot;Marie OZANNE - Solo Palma Photo&quot;,&quot;camera&quot;:&quot;&quot;,&quot;caption&quot;:&quot;&quot;,&quot;created_timestamp&quot;:&quot;0&quot;,&quot;copyright&quot;:&quot;&quot;,&quot;focal_length&quot;:&quot;0&quot;,&quot;iso&quot;:&quot;0&quot;,&quot;shutter_speed&quot;:&quot;0&quot;,&quot;title&quot;:&quot;&quot;,&quot;orientation&quot;:&quot;1&quot;}\" data-image-title=\"02_Filles-Ultra-echelle\" data-image-description=\"\" data-image-caption=\"\" data-large-file=\"https:\/\/i0.wp.com\/camillegenis.com\/wp-content\/uploads\/2024\/09\/02_filles-ultra-echelle-2.jpg?fit=674%2C1024&amp;ssl=1\" src=\"https:\/\/i0.wp.com\/camillegenis.com\/wp-content\/uploads\/2024\/09\/02_filles-ultra-echelle-2.jpg?resize=674%2C1024&#038;ssl=1\" alt=\"\" class=\"wp-image-130\"\/><\/figure>\n<\/div>\n\n\n\n<div class=\"wp-block-column is-layout-flow wp-block-column-is-layout-flow\">\n<h2 class=\"wp-block-heading\">Solo Palma Photo Studio<\/h2>\n\n\n\n<p class=\"has-text-color has-link-color wp-elements-e7f3475733a8469d1424160a74163fa4 wp-block-paragraph\" style=\"color:#cf703ffa\">Photographe sp\u00e9cialis\u00e9e dans le portrait \u00e0 Orl\u00e9ans<\/p>\n\n\n\n<ul class=\"wp-block-list\">\n<li>\u00c9tude de march\u00e9<\/li>\n\n\n\n<li>Cr\u00e9ation d&rsquo;une plateforme de marque<\/li>\n\n\n\n<li>Refonte du site internet<\/li>\n\n\n\n<li>Strat\u00e9gie SEO<\/li>\n\n\n\n<li>Cr\u00e9ation de guidelines pour la communication sur les r\u00e9seaux sociaux<\/li>\n\n\n\n<li>Organisation du vernissage de la photographe<\/li>\n<\/ul>\n<\/div>\n<\/div>\n\n\n\n<div style=\"height:100px\" aria-hidden=\"true\" class=\"wp-block-spacer\"><\/div>\n\n\n\n<div class=\"wp-block-buttons is-content-justification-center is-layout-flex wp-container-core-buttons-is-layout-0aa01211 wp-block-buttons-is-layout-flex\">\n<div class=\"wp-block-button\"><a class=\"wp-block-button__link has-text-align-center wp-element-button\" href=\"https:\/\/camillegenis.com\/?page_id=122\">Voir mon portfolio<\/a><\/div>\n<\/div>\n\n\n\n<p class=\"wp-block-paragraph\"><\/p>\n","protected":false},"excerpt":{"rendered":"<p>Je conseille les marques pour assurer leur visibilit\u00e9 et l\u2019atteinte de leurs objectifs \u00e0 travers une communication adapt\u00e9e. Online ou offline, pour un \u00e9venement ponctuel ou une p\u00e9riode de lancement, je peux vous accompagner pour faire savoir votre savoir-faire. Un exemple? Flore Vaillant Atelier de v\u00eatement sur-mesure \u00e0 Marseille Solo Palma Photo Studio Photographe sp\u00e9cialis\u00e9e [&hellip;]<\/p>\n","protected":false},"author":168509189,"featured_media":0,"parent":532,"menu_order":0,"comment_status":"closed","ping_status":"closed","template":"","meta":{"_crdt_document":"","advanced_seo_description":"","jetpack_seo_html_title":"","jetpack_seo_noindex":false,"footnotes":""},"class_list":["post-578","page","type-page","status-publish","hentry"],"jetpack_likes_enabled":true,"jetpack_sharing_enabled":true,"jetpack_shortlink":"https:\/\/wp.me\/Pg0nyU-9k","jetpack-related-posts":[{"id":135,"url":"https:\/\/camillegenis.com\/?page_id=135","url_meta":{"origin":578,"position":0},"title":"Blog","author":"camgenis","date":"10 septembre 2024","format":false,"excerpt":"Ici je parle de marketing. Je travaille toujours en marque blanche pour mes clients. Ce blog est l'espace o\u00f9 je peux prendre la plume et faire savoir mon savoir-faire. Souscrire Saisissez votre adresse e-mail ci-apr\u00e8s pour recevoir des mises \u00e0 jour.","rel":"","context":"Article similaire","block_context":{"text":"Article similaire","link":""},"img":{"alt_text":"","src":"","width":0,"height":0},"classes":[]},{"id":122,"url":"https:\/\/camillegenis.com\/?page_id=122","url_meta":{"origin":578,"position":1},"title":"Portfolio","author":"camgenis","date":"10 septembre 2024","format":false,"excerpt":"Technopole d'Orl\u00e9ans Janvier 2026 Formatrice en marketing pour le programme d'accompagnement \u00e0 la cr\u00e9ation d'entreprise PEARL Chambre des M\u00e9tiers Centre Val de Loire 2024\/2026 Cr\u00e9ation et animation de formations de groupes de 1 \u00e0 7 jours Th\u00e8mes : Instagram \/ Facebook \/ Linkedin \/ Tiktok \/ Cr\u00e9ation de contenu graphique\u2026","rel":"","context":"Article similaire","block_context":{"text":"Article similaire","link":""},"img":{"alt_text":"","src":"https:\/\/i0.wp.com\/camillegenis.com\/wp-content\/uploads\/2026\/02\/technopole-orleans-logo-retina-2.png?resize=350%2C200&ssl=1","width":350,"height":200},"classes":[]},{"id":532,"url":"https:\/\/camillegenis.com\/","url_meta":{"origin":578,"position":2},"title":"Atteindre vos objectifs, ensemble","author":"camgenis","date":"27 ao\u00fbt 2025","format":false,"excerpt":"L'accompagnement marketing et communication \u00e0 360\u00b0 Une personne ressource pour piloter votre strat\u00e9gie de visibilit\u00e9 et coordonner votre plan d'action commercial A propos Mes comp\u00e9tences au service de votre structure Marketing Communication Gestion de projets Avis Maelle ALLAIN, directrice associ\u00e9e du cabinet de conseil en innovation Waoup, Lyon Camille sait\u2026","rel":"","context":"Article similaire","block_context":{"text":"Article similaire","link":""},"img":{"alt_text":"","src":"https:\/\/i0.wp.com\/camillegenis.com\/wp-content\/uploads\/2025\/08\/4.png?resize=350%2C200&ssl=1","width":350,"height":200,"srcset":"https:\/\/i0.wp.com\/camillegenis.com\/wp-content\/uploads\/2025\/08\/4.png?resize=350%2C200&ssl=1 1x, https:\/\/i0.wp.com\/camillegenis.com\/wp-content\/uploads\/2025\/08\/4.png?resize=525%2C300&ssl=1 1.5x, https:\/\/i0.wp.com\/camillegenis.com\/wp-content\/uploads\/2025\/08\/4.png?resize=700%2C400&ssl=1 2x, https:\/\/i0.wp.com\/camillegenis.com\/wp-content\/uploads\/2025\/08\/4.png?resize=1050%2C600&ssl=1 3x, https:\/\/i0.wp.com\/camillegenis.com\/wp-content\/uploads\/2025\/08\/4.png?resize=1400%2C800&ssl=1 4x"},"classes":[]},{"id":585,"url":"https:\/\/camillegenis.com\/?page_id=585","url_meta":{"origin":578,"position":3},"title":"Formation","author":"camgenis","date":"27 ao\u00fbt 2025","format":false,"excerpt":"Je forme les dirigeants et leurs \u00e9quipes pour les rendre plus autonomes et efficaces dans leurs missions de marketing et communication. Ces temps de formation sur-mesure mettent l'accent sur l'activabilit\u00e9 imm\u00e9diate des comp\u00e9tences acquises et l'intelligence collective. Un exemple? Chambre des M\u00e9tiers Centre Val de Loire 2024\/2025 Cr\u00e9ation et animation\u2026","rel":"","context":"Article similaire","block_context":{"text":"Article similaire","link":""},"img":{"alt_text":"Chambre des M\u00e9tiers et de l'Artisanat","src":"https:\/\/i0.wp.com\/camillegenis.com\/wp-content\/uploads\/2025\/08\/RNV3MSS.jpg?resize=350%2C200&ssl=1","width":350,"height":200,"srcset":"https:\/\/i0.wp.com\/camillegenis.com\/wp-content\/uploads\/2025\/08\/RNV3MSS.jpg?resize=350%2C200&ssl=1 1x, https:\/\/i0.wp.com\/camillegenis.com\/wp-content\/uploads\/2025\/08\/RNV3MSS.jpg?resize=525%2C300&ssl=1 1.5x, https:\/\/i0.wp.com\/camillegenis.com\/wp-content\/uploads\/2025\/08\/RNV3MSS.jpg?resize=700%2C400&ssl=1 2x, https:\/\/i0.wp.com\/camillegenis.com\/wp-content\/uploads\/2025\/08\/RNV3MSS.jpg?resize=1050%2C600&ssl=1 3x, https:\/\/i0.wp.com\/camillegenis.com\/wp-content\/uploads\/2025\/08\/RNV3MSS.jpg?resize=1400%2C800&ssl=1 4x"},"classes":[]},{"id":1,"url":"https:\/\/camillegenis.com\/?page_id=1","url_meta":{"origin":578,"position":4},"title":"\u00c0 propos","author":"camgenis","date":"30 ao\u00fbt 2024","format":false,"excerpt":"Camille GENIS Cr\u00e9ativit\u00e9 . Passion . Humain Aussi loin que je m'en souvienne, j'ai toujours ador\u00e9 cr\u00e9er des univers \u00e0 travers l'\u00e9criture et les arts graphiques. Enfant, je m'imaginais tour \u00e0 tour \u00e9crivain, artiste ou journaliste. A 14 ans, une rencontre inopin\u00e9e dans un train avec une attach\u00e9e de presse\u2026","rel":"","context":"Article similaire","block_context":{"text":"Article similaire","link":""},"img":{"alt_text":"","src":"https:\/\/i0.wp.com\/camillegenis.com\/wp-content\/uploads\/2024\/09\/8018_d0a009aa42f780c950d05ee930ff62f5-13_12_2023-11_20_07.jpg?resize=350%2C200&ssl=1","width":350,"height":200,"srcset":"https:\/\/i0.wp.com\/camillegenis.com\/wp-content\/uploads\/2024\/09\/8018_d0a009aa42f780c950d05ee930ff62f5-13_12_2023-11_20_07.jpg?resize=350%2C200&ssl=1 1x, https:\/\/i0.wp.com\/camillegenis.com\/wp-content\/uploads\/2024\/09\/8018_d0a009aa42f780c950d05ee930ff62f5-13_12_2023-11_20_07.jpg?resize=525%2C300&ssl=1 1.5x, https:\/\/i0.wp.com\/camillegenis.com\/wp-content\/uploads\/2024\/09\/8018_d0a009aa42f780c950d05ee930ff62f5-13_12_2023-11_20_07.jpg?resize=700%2C400&ssl=1 2x"},"classes":[]}],"_links":{"self":[{"href":"https:\/\/camillegenis.com\/index.php?rest_route=\/wp\/v2\/pages\/578","targetHints":{"allow":["GET"]}}],"collection":[{"href":"https:\/\/camillegenis.com\/index.php?rest_route=\/wp\/v2\/pages"}],"about":[{"href":"https:\/\/camillegenis.com\/index.php?rest_route=\/wp\/v2\/types\/page"}],"author":[{"embeddable":true,"href":"https:\/\/camillegenis.com\/index.php?rest_route=\/wp\/v2\/users\/168509189"}],"replies":[{"embeddable":true,"href":"https:\/\/camillegenis.com\/index.php?rest_route=%2Fwp%2Fv2%2Fcomments&post=578"}],"version-history":[{"count":3,"href":"https:\/\/camillegenis.com\/index.php?rest_route=\/wp\/v2\/pages\/578\/revisions"}],"predecessor-version":[{"id":677,"href":"https:\/\/camillegenis.com\/index.php?rest_route=\/wp\/v2\/pages\/578\/revisions\/677"}],"up":[{"embeddable":true,"href":"https:\/\/camillegenis.com\/index.php?rest_route=\/wp\/v2\/pages\/532"}],"wp:attachment":[{"href":"https:\/\/camillegenis.com\/index.php?rest_route=%2Fwp%2Fv2%2Fmedia&parent=578"}],"curies":[{"name":"wp","href":"https:\/\/api.w.org\/{rel}","templated":true}]}}